{"id":15,"date":"2016-07-29T07:09:48","date_gmt":"2016-07-29T07:09:48","guid":{"rendered":"http:\/\/www.todoasesoria.es\/?page_id=15"},"modified":"2019-11-26T11:54:18","modified_gmt":"2019-11-26T11:54:18","slug":"servicios","status":"publish","type":"page","link":"https:\/\/www.todoasesoria.es\/?page_id=15","title":{"rendered":"Servicios"},"content":{"rendered":"<p><span style=\"text-decoration: underline;\"><strong>Fiscal<\/strong><\/span><br \/>\n<strong>Listado no excluyente de servicios:<\/strong><br \/>\n-Asesor\u00eda Fiscal Integral, con la finalidad de racionalizar las cargas impositivas, dentro del marco de la legislaci\u00f3n fiscal aplicable.<br \/>\n-Revisi\u00f3n de ejercicios anteriores.<br \/>\n-Impuesto sobre Sociedades e I.V.A.<br \/>\n-Impuesto sobre la Renta y sobre el Patrimonio.<br \/>\n-Impuesto sobre Actividades Econ\u00f3micas.<br \/>\n-Impuesto sobre Sucesiones y donaciones. Testamentar\u00edas.<br \/>\n-Estudio y <strong>planificaci\u00f3n<\/strong> sobre la situaci\u00f3n fiscal-econ\u00f3mica de la empresa.<br \/>\n-Inspecciones de la Agencia Tributaria, Recursos y Reclamaciones.<\/p>\n<p><span style=\"text-decoration: underline;\"><strong>Laboral<\/strong><\/span><br \/>\n<strong>Listado no excluyente de servicios:<\/strong><br \/>\n-Contratos laborales, estudio de bonificaciones en la contrataci\u00f3n de personal.<br \/>\n-N\u00f3minas y seguros Sociales.<br \/>\n-I.R.P.F. Modelos 110 y 190. Certificados de ingresos anuales.<br \/>\n-Certificados de desempleo a trabajadores.<br \/>\n-Alta y baja de la empresa en la seguridad Social.<br \/>\n-Altas, bajas y variaciones de trabajadores del R\u00e9gimen General de la Seguridad Social.<br \/>\n-Altas y bajas de trabajadores en el R\u00e9gimen de Aut\u00f3nomos.<br \/>\n-Defensa y representaci\u00f3n ante la UMAC y la inspecci\u00f3n de Trabajo.<br \/>\n-Inscripci\u00f3n y dem\u00e1s gestiones ante el registro de Empresas Acreditadas.<br \/>\n-Asesor\u00eda en Prevenci\u00f3n de riesgos Laborales.<br \/>\n-Asesor\u00eda en Protecci\u00f3n de Datos Personales.<\/p>\n<p><span style=\"text-decoration: underline;\"><strong>Contable<\/strong><\/span><br \/>\n<strong>Listado no excluyente de servicios:<\/strong><br \/>\n-Gesti\u00f3n contable integral.<br \/>\n-Informaci\u00f3n actualizada sobre el estado de su empresa.<br \/>\n-Elaboraci\u00f3n de libros obligatorios y cuentas anuales.<\/p>\n<p><span style=\"text-decoration: underline;\"><strong>Mercantil<\/strong><\/span><br \/>\n<strong>Listado no excluyente de servicios:<\/strong><br \/>\n-Asesoramiento en la creaci\u00f3n de Empresas.<br \/>\n-Constituci\u00f3n y modificaci\u00f3n de Sociedades.<br \/>\n-Disoluci\u00f3n y Liquidaci\u00f3n.<br \/>\n-Modificaci\u00f3n de escrituras.<br \/>\n-Contratos Mercantiles.<\/p>\n<p><span style=\"text-decoration: underline;\"><strong>Otros servicios que pueda precisar<\/strong> <\/span><br \/>\n-Subvenciones y Seguros Generales.<br \/>\n-Patentes y Marcas.<br \/>\n-Registros de la Propiedad y Mercantiles.<br \/>\n-Prevenci\u00f3n de riesgos laborales.<br \/>\n-Compraventa de empresas, locales, viviendas,\u2026<br \/>\n-Formaci\u00f3n y Auditorias.<br \/>\n-Licencias de Apertura, obras.<br \/>\n-Otros: consultar, \u2026<\/p>\n","protected":false},"excerpt":{"rendered":"<p>Fiscal Listado no excluyente de servicios: -Asesor\u00eda Fiscal Integral, con la finalidad de racionalizar las cargas impositivas, dentro del marco de la legislaci\u00f3n fiscal aplicable. -Revisi\u00f3n de ejercicios anteriores. -Impuesto sobre Sociedades e I.V.A. -Impuesto sobre la Renta y sobre el Patrimonio. -Impuesto sobre Actividades Econ\u00f3micas. -Impuesto sobre Sucesiones y donaciones. Testamentar\u00edas. -Estudio y planificaci\u00f3n <a href=\"https:\/\/www.todoasesoria.es\/?page_id=15\" rel=\"nofollow\"><span class=\"sr-only\">Leer m\u00e1sServicios<\/span>[&hellip;]<\/a><\/p>\n","protected":false},"author":1,"featured_media":0,"parent":0,"menu_order":0,"comment_status":"closed","ping_status":"closed","template":"","meta":{"ngg_post_thumbnail":0},"yoast_head":"<!-- This site is optimized with the Yoast SEO plugin v16.1.1 - https:\/\/yoast.com\/wordpress\/plugins\/seo\/ -->\n<title>Servicios - todoasesoria<\/title>\n<link rel=\"canonical\" href=\"https:\/\/www.todoasesoria.es\/?page_id=15\" \/>\n<meta property=\"og:locale\" content=\"es_ES\" \/>\n<meta property=\"og:type\" content=\"article\" \/>\n<meta property=\"og:title\" content=\"Servicios - todoasesoria\" \/>\n<meta property=\"og:description\" content=\"Fiscal Listado no excluyente de servicios: -Asesor\u00eda Fiscal Integral, con la finalidad de racionalizar las cargas impositivas, dentro del marco de la legislaci\u00f3n fiscal aplicable. -Revisi\u00f3n de ejercicios anteriores. -Impuesto sobre Sociedades e I.V.A. -Impuesto sobre la Renta y sobre el Patrimonio. -Impuesto sobre Actividades Econ\u00f3micas. -Impuesto sobre Sucesiones y donaciones. Testamentar\u00edas. -Estudio y planificaci\u00f3n Leer m\u00e1sServicios[&hellip;]\" \/>\n<meta property=\"og:url\" content=\"https:\/\/www.todoasesoria.es\/?page_id=15\" \/>\n<meta property=\"og:site_name\" content=\"todoasesoria\" \/>\n<meta property=\"article:modified_time\" content=\"2019-11-26T11:54:18+00:00\" \/>\n<meta name=\"twitter:card\" content=\"summary\" \/>\n<meta name=\"twitter:label1\" content=\"Tiempo de lectura\">\n\t<meta name=\"twitter:data1\" content=\"1 minuto\">\n<script type=\"application\/ld+json\" class=\"yoast-schema-graph\">{\"@context\":\"https:\/\/schema.org\",\"@graph\":[{\"@type\":\"WebSite\",\"@id\":\"https:\/\/www.todoasesoria.es\/#website\",\"url\":\"https:\/\/www.todoasesoria.es\/\",\"name\":\"todoasesoria\",\"description\":\"Tu asesoria\",\"potentialAction\":[{\"@type\":\"SearchAction\",\"target\":\"https:\/\/www.todoasesoria.es\/?s={search_term_string}\",\"query-input\":\"required name=search_term_string\"}],\"inLanguage\":\"es\"},{\"@type\":\"WebPage\",\"@id\":\"https:\/\/www.todoasesoria.es\/?page_id=15#webpage\",\"url\":\"https:\/\/www.todoasesoria.es\/?page_id=15\",\"name\":\"Servicios - todoasesoria\",\"isPartOf\":{\"@id\":\"https:\/\/www.todoasesoria.es\/#website\"},\"datePublished\":\"2016-07-29T07:09:48+00:00\",\"dateModified\":\"2019-11-26T11:54:18+00:00\",\"breadcrumb\":{\"@id\":\"https:\/\/www.todoasesoria.es\/?page_id=15#breadcrumb\"},\"inLanguage\":\"es\",\"potentialAction\":[{\"@type\":\"ReadAction\",\"target\":[\"https:\/\/www.todoasesoria.es\/?page_id=15\"]}]},{\"@type\":\"BreadcrumbList\",\"@id\":\"https:\/\/www.todoasesoria.es\/?page_id=15#breadcrumb\",\"itemListElement\":[{\"@type\":\"ListItem\",\"position\":1,\"item\":{\"@type\":\"WebPage\",\"@id\":\"https:\/\/www.todoasesoria.es\/\",\"url\":\"https:\/\/www.todoasesoria.es\/\",\"name\":\"Portada\"}},{\"@type\":\"ListItem\",\"position\":2,\"item\":{\"@type\":\"WebPage\",\"@id\":\"https:\/\/www.todoasesoria.es\/?page_id=15\",\"url\":\"https:\/\/www.todoasesoria.es\/?page_id=15\",\"name\":\"Servicios\"}}]}]}<\/script>\n<!-- \/ Yoast SEO plugin. -->","_links":{"self":[{"href":"https:\/\/www.todoasesoria.es\/index.php?rest_route=\/wp\/v2\/pages\/15"}],"collection":[{"href":"https:\/\/www.todoasesoria.es\/index.php?rest_route=\/wp\/v2\/pages"}],"about":[{"href":"https:\/\/www.todoasesoria.es\/index.php?rest_route=\/wp\/v2\/types\/page"}],"author":[{"embeddable":true,"href":"https:\/\/www.todoasesoria.es\/index.php?rest_route=\/wp\/v2\/users\/1"}],"replies":[{"embeddable":true,"href":"https:\/\/www.todoasesoria.es\/index.php?rest_route=%2Fwp%2Fv2%2Fcomments&post=15"}],"version-history":[{"count":1,"href":"https:\/\/www.todoasesoria.es\/index.php?rest_route=\/wp\/v2\/pages\/15\/revisions"}],"predecessor-version":[{"id":16,"href":"https:\/\/www.todoasesoria.es\/index.php?rest_route=\/wp\/v2\/pages\/15\/revisions\/16"}],"wp:attachment":[{"href":"https:\/\/www.todoasesoria.es\/index.php?rest_route=%2Fwp%2Fv2%2Fmedia&parent=15"}],"curies":[{"name":"wp","href":"https:\/\/api.w.org\/{rel}","templated":true}]}}